{"id":17681,"date":"2020-07-13T04:13:08","date_gmt":"2020-07-13T04:13:08","guid":{"rendered":"http:\/\/demo.creativesplanet.com\/greenly\/greenly-site1\/?page_id=17681"},"modified":"2025-07-24T09:31:02","modified_gmt":"2025-07-24T09:31:02","slug":"ricerca-sviluppo","status":"publish","type":"page","link":"https:\/\/www.cretaes.com\/en\/ricerca-sviluppo\/","title":{"rendered":"R&amp;D"},"content":{"rendered":"<div data-elementor-type=\"wp-page\" data-elementor-id=\"17681\" class=\"elementor elementor-17681\">\n\t\t\t\t\t\t<section class=\"elementor-section elementor-top-section elementor-element elementor-element-66f9f63 cspt-bg-color-yes cspt-elementor-bg-color-white cspt-col-stretched-none cspt-bg-color-over-image elementor-section-boxed elementor-section-height-default elementor-section-height-default\" data-id=\"66f9f63\" data-element_type=\"section\">\n\t\t\t\t\t\t<div class=\"elementor-container elementor-column-gap-default\">\n\t\t\t\t\t<div class=\"elementor-column elementor-col-100 elementor-top-column elementor-element elementor-element-c801318 cspt-bg-color-over-image\" data-id=\"c801318\" data-element_type=\"column\">\n\t\t\t<div class=\"elementor-widget-wrap elementor-element-populated\">\n\t\t\t\t\t\t<div class=\"elementor-element elementor-element-0578ead cspt-align-left elementor-widget elementor-widget-cspt_portfolio_element\" data-id=\"0578ead\" data-element_type=\"widget\" data-widget_type=\"cspt_portfolio_element.default\">\n\t\t\t\t<div class=\"elementor-widget-container\">\n\t\t\t\t\t\r\n\t\t<div class=\"creativesplanet-element creativesplanet-element-portfolio cspt-element-portfolio-style-2 creativesplanet-element-viewtype-row-column creativesplanet-gap-30px\" data-show=\"12\" data-columns=\"3\" data-loop=\"false\" data-autoplay=\"false\" data-center=\"false\" data-nav=\"false\" data-dots=\"false\" data-autoplayspeed=\"1000\" data-margin=\"30px\"><div class=\"creativesplanet-element-inner\">\r\n\t\t\r\n\t\t\t<div class=\"cspt-ele-header-area\">\r\n\t\t\t\t\t<div class=\"cspt-heading-subheading left-align\"><\/div>\r\n\t\t\t\t\r\n\t\t\t<\/div>\r\n\r\n\t\t\t<div class=\"cspt-element-posts-wrapper row multi-columns-row\">\r\n\r\n\t\t\t<div class=\"cspt-ele cspt-portfolio-ele col-md-4 energy cspt-term-13 pnrr cspt-term-54 rd cspt-term-44 ricerca-di-sistema cspt-term-55\"><article class=\"creativesplanet-ele creativesplanet-ele-portfolio cspt-portfolio-style-2 cspt-odd\">\r\n\t<div class=\"creativesplanet-post-item\">\t\t\t\t\r\n\t\t<div class=\"cspt-image-wrapper\">\r\n\t\t\t<div class=\"cspt-featured-wrapper\"><a href=\"https:\/\/www.cretaes.com\/en\/portfolio\/dante-digital-twin-and-ai-for-next-generation-multi-energy-systems\/\"><img fetchpriority=\"high\" decoding=\"async\" width=\"770\" height=\"500\" src=\"https:\/\/www.cretaes.com\/wp-content\/uploads\/2026\/02\/SPARklE-770x500.png\" class=\"attachment-cspt-img-770x500 size-cspt-img-770x500 wp-post-image\" alt=\"\" data-id=\"20316\" \/><\/a><\/div>\t\t<\/div>\t\t\t\r\n\t\t<div class=\"cspt-content-wrapper\">\r\n\t\t\t<h3 class=\"cspt-portfolio-title\"><a href=\"https:\/\/www.cretaes.com\/en\/portfolio\/dante-digital-twin-and-ai-for-next-generation-multi-energy-systems\/\">DANTE &#8211; Digital twin and AI for Next-generation multi energy sysTEms<\/a><\/h3>\t\r\n\t\t\t\t\t\t\t<div class=\"cspt-short-description\">\r\n\t\t\t\t\t<p>L\u2019Evoluzione Digitale dell\u2019Energia : il progetto Dante Nel panorama della transizione energetica globale, la digitalizzazione non \u00e8 pi\u00f9 un&#8217;opzione, ma l&#8217;architrave su cui poggia il futuro della rete. Creta Energie Speciali \u00e8 orgogliosa di annunciare la propria partecipazione al progetto DANTE (Digital twin and AI for Next-generation multi energy sysTEms), un\u2019iniziativa d\u2019avanguardia che risponde alle direttrici di Mission Innovation 2.0 e alle priorit\u00e0 del MASE. La Visione del Progetto Il[&hellip;]<\/p>\n\t\t\t\t<\/div>\r\n\t\t\t\t\t\t\t\t\t\t\r\n\t\t\t<div class=\"vc_btn3-container vc_btn3-inline\">\r\n\t\t\t\t<a class=\"vc_general vc_btn3 vc_btn3-size-md vc_btn3-shape-rounded vc_btn3-style-modern vc_btn3-color-globalcolor\" href=\"https:\/\/www.cretaes.com\/en\/portfolio\/dante-digital-twin-and-ai-for-next-generation-multi-energy-systems\/\" title=\"DANTE &#8211; Digital twin and AI for Next-generation multi energy sysTEms\"><span>Read More<\/span><\/a>\r\n\t\t\t<\/div>\r\n\t\t<\/div>\r\n\t<\/div>\r\n<\/article><\/div><div class=\"cspt-ele cspt-portfolio-ele col-md-4 pnrr cspt-term-54 rd cspt-term-44\"><article class=\"creativesplanet-ele creativesplanet-ele-portfolio cspt-portfolio-style-2 cspt-even\">\r\n\t<div class=\"creativesplanet-post-item\">\t\t\t\t\r\n\t\t<div class=\"cspt-image-wrapper\">\r\n\t\t\t<div class=\"cspt-featured-wrapper\"><a href=\"https:\/\/www.cretaes.com\/en\/portfolio\/sparkle-smart-platform-for-aggregated-renewable-energy-communities\/\"><img decoding=\"async\" width=\"770\" height=\"500\" src=\"https:\/\/www.cretaes.com\/wp-content\/uploads\/2025\/08\/SPARklE-1-770x500.jpg\" class=\"attachment-cspt-img-770x500 size-cspt-img-770x500 wp-post-image\" alt=\"\" srcset=\"https:\/\/www.cretaes.com\/wp-content\/uploads\/2025\/08\/SPARklE-1-770x500.jpg 770w, https:\/\/www.cretaes.com\/wp-content\/uploads\/2025\/08\/SPARklE-1-18x12.jpg 18w\" sizes=\"(max-width: 770px) 100vw, 770px\" data-id=\"20151\" \/><\/a><\/div>\t\t<\/div>\t\t\t\r\n\t\t<div class=\"cspt-content-wrapper\">\r\n\t\t\t<h3 class=\"cspt-portfolio-title\"><a href=\"https:\/\/www.cretaes.com\/en\/portfolio\/sparkle-smart-platform-for-aggregated-renewable-energy-communities\/\">SPARklE &#8211; Smart Platform for Aggregated Renewable Energy communities<\/a><\/h3>\t\r\n\t\t\t\t\t\t\t<div class=\"cspt-short-description\">\r\n\t\t\t\t\t<p>SPARklE Il progetto SPARklE (Smart Platform for Aggregated Renewable Energy communities \u2013 Piattaforma Intelligente per Comunit\u00e0 di Energie Rinnovabili Aggregate) nasce con un obiettivo chiaro: rendere le Comunit\u00e0 Energetiche Rinnovabili (CER) pi\u00f9 semplici da gestire, pi\u00f9 efficienti e capaci di valorizzare appieno le risorse locali. Grazie a una piattaforma digitale avanzata, SPARklE punta a ottimizzare l\u2019uso delle risorse distribuite \u2013 impianti fotovoltaici, batterie di accumulo, sistemi di gestione dei consumi[&hellip;]<\/p>\n\t\t\t\t<\/div>\r\n\t\t\t\t\t\t\t\t\t\t\r\n\t\t\t<div class=\"vc_btn3-container vc_btn3-inline\">\r\n\t\t\t\t<a class=\"vc_general vc_btn3 vc_btn3-size-md vc_btn3-shape-rounded vc_btn3-style-modern vc_btn3-color-globalcolor\" href=\"https:\/\/www.cretaes.com\/en\/portfolio\/sparkle-smart-platform-for-aggregated-renewable-energy-communities\/\" title=\"SPARklE &#8211; Smart Platform for Aggregated Renewable Energy communities\"><span>Read More<\/span><\/a>\r\n\t\t\t<\/div>\r\n\t\t<\/div>\r\n\t<\/div>\r\n<\/article><\/div><div class=\"cspt-ele cspt-portfolio-ele col-md-4 pon cspt-term-36 rd cspt-term-44\"><article class=\"creativesplanet-ele creativesplanet-ele-portfolio cspt-portfolio-style-2 cspt-odd\">\r\n\t<div class=\"creativesplanet-post-item\">\t\t\t\t\r\n\t\t<div class=\"cspt-image-wrapper\">\r\n\t\t\t<div class=\"cspt-featured-wrapper\"><a href=\"https:\/\/www.cretaes.com\/en\/portfolio\/comesto\/\"><img decoding=\"async\" width=\"770\" height=\"500\" src=\"https:\/\/www.cretaes.com\/wp-content\/uploads\/2025\/02\/PROGETTI_CRETA_SITOWEB-770x500.png\" class=\"attachment-cspt-img-770x500 size-cspt-img-770x500 wp-post-image\" alt=\"\" data-id=\"19836\" \/><\/a><\/div>\t\t<\/div>\t\t\t\r\n\t\t<div class=\"cspt-content-wrapper\">\r\n\t\t\t<h3 class=\"cspt-portfolio-title\"><a href=\"https:\/\/www.cretaes.com\/en\/portfolio\/comesto\/\">ComESto<\/a><\/h3>\t\r\n\t\t\t\t\t\t\t<div class=\"cspt-short-description\">\r\n\t\t\t\t\t<p>Soluzione innovativa per la gestione intelligente delle Comunit\u00e0 Energetiche tramite nanoGrid e sistemi di accumulo distribuiti, con ottimizzazione dell\u2019autoconsumo e servizi avanzati di stabilizzazione della rete.<\/p>\n\t\t\t\t<\/div>\r\n\t\t\t\t\t\t\t\t\t\t\r\n\t\t\t<div class=\"vc_btn3-container vc_btn3-inline\">\r\n\t\t\t\t<a class=\"vc_general vc_btn3 vc_btn3-size-md vc_btn3-shape-rounded vc_btn3-style-modern vc_btn3-color-globalcolor\" href=\"https:\/\/www.cretaes.com\/en\/portfolio\/comesto\/\" title=\"ComESto\"><span>Read More<\/span><\/a>\r\n\t\t\t<\/div>\r\n\t\t<\/div>\r\n\t<\/div>\r\n<\/article><\/div><div class=\"cspt-ele cspt-portfolio-ele col-md-4 rd cspt-term-44 ricerca-di-sistema cspt-term-55\"><article class=\"creativesplanet-ele creativesplanet-ele-portfolio cspt-portfolio-style-2 cspt-even\">\r\n\t<div class=\"creativesplanet-post-item\">\t\t\t\t\r\n\t\t<div class=\"cspt-image-wrapper\">\r\n\t\t\t<div class=\"cspt-featured-wrapper\"><a href=\"https:\/\/www.cretaes.com\/en\/portfolio\/vistofare\/\"><img loading=\"lazy\" decoding=\"async\" width=\"770\" height=\"500\" src=\"https:\/\/www.cretaes.com\/wp-content\/uploads\/2025\/02\/Copia-di-PROGETTI_CRETA_SITOWEB-2-770x500.png\" class=\"attachment-cspt-img-770x500 size-cspt-img-770x500 wp-post-image\" alt=\"\" data-id=\"19827\" \/><\/a><\/div>\t\t<\/div>\t\t\t\r\n\t\t<div class=\"cspt-content-wrapper\">\r\n\t\t\t<h3 class=\"cspt-portfolio-title\"><a href=\"https:\/\/www.cretaes.com\/en\/portfolio\/vistofare\/\">ViStoFaRe<\/a><\/h3>\t\r\n\t\t\t\t\t\t\t<div class=\"cspt-short-description\">\r\n\t\t\t\t\t<p>Un progetto innovativo per la gestione aggregata e coordinata dei sistemi di accumulo elettrochimici, con l&#8217;obiettivo di garantire servizi di inerzia sintetica, fast reserve, peak shaving e load leveling per la stabilit\u00e0 del sistema elettrico nazionale.<\/p>\n\t\t\t\t<\/div>\r\n\t\t\t\t\t\t\t\t\t\t\r\n\t\t\t<div class=\"vc_btn3-container vc_btn3-inline\">\r\n\t\t\t\t<a class=\"vc_general vc_btn3 vc_btn3-size-md vc_btn3-shape-rounded vc_btn3-style-modern vc_btn3-color-globalcolor\" href=\"https:\/\/www.cretaes.com\/en\/portfolio\/vistofare\/\" title=\"ViStoFaRe\"><span>Read More<\/span><\/a>\r\n\t\t\t<\/div>\r\n\t\t<\/div>\r\n\t<\/div>\r\n<\/article><\/div><div class=\"cspt-ele cspt-portfolio-ele col-md-4 pnrr cspt-term-54 rd cspt-term-44\"><article class=\"creativesplanet-ele creativesplanet-ele-portfolio cspt-portfolio-style-2 cspt-odd\">\r\n\t<div class=\"creativesplanet-post-item\">\t\t\t\t\r\n\t\t<div class=\"cspt-image-wrapper\">\r\n\t\t\t<div class=\"cspt-featured-wrapper\"><a href=\"https:\/\/www.cretaes.com\/en\/portfolio\/smarthydrogrid\/\"><img loading=\"lazy\" decoding=\"async\" width=\"770\" height=\"500\" src=\"https:\/\/www.cretaes.com\/wp-content\/uploads\/2025\/02\/Copia-di-PROGETTI_CRETA_SITOWEB-770x500.png\" class=\"attachment-cspt-img-770x500 size-cspt-img-770x500 wp-post-image\" alt=\"\" data-id=\"19813\" \/><\/a><\/div>\t\t<\/div>\t\t\t\r\n\t\t<div class=\"cspt-content-wrapper\">\r\n\t\t\t<h3 class=\"cspt-portfolio-title\"><a href=\"https:\/\/www.cretaes.com\/en\/portfolio\/smarthydrogrid\/\">SmartHydroGrid<\/a><\/h3>\t\r\n\t\t\t\t\t\t\t<div class=\"cspt-short-description\">\r\n\t\t\t\t\t<p>Soluzione innovativa per la gestione intelligente di una microgrid basata su energia elettrica e idrogeno, con funzionalit\u00e0 di autoconsumo, supporto alla rete e ottimizzazione in tempo reale grazie a modelli avanzati di previsione e controllo.<\/p>\n\t\t\t\t<\/div>\r\n\t\t\t\t\t\t\t\t\t\t\r\n\t\t\t<div class=\"vc_btn3-container vc_btn3-inline\">\r\n\t\t\t\t<a class=\"vc_general vc_btn3 vc_btn3-size-md vc_btn3-shape-rounded vc_btn3-style-modern vc_btn3-color-globalcolor\" href=\"https:\/\/www.cretaes.com\/en\/portfolio\/smarthydrogrid\/\" title=\"SmartHydroGrid\"><span>Read More<\/span><\/a>\r\n\t\t\t<\/div>\r\n\t\t<\/div>\r\n\t<\/div>\r\n<\/article><\/div><div class=\"cspt-ele cspt-portfolio-ele col-md-4 por cspt-term-34 rd cspt-term-44\"><article class=\"creativesplanet-ele creativesplanet-ele-portfolio cspt-portfolio-style-2 cspt-even\">\r\n\t<div class=\"creativesplanet-post-item\">\t\t\t\t\r\n\t\t<div class=\"cspt-image-wrapper\">\r\n\t\t\t<div class=\"cspt-featured-wrapper\"><a href=\"https:\/\/www.cretaes.com\/en\/portfolio\/ingegno-sistema-energetico-ibrido-sei\/\"><img loading=\"lazy\" decoding=\"async\" width=\"770\" height=\"500\" src=\"https:\/\/www.cretaes.com\/wp-content\/uploads\/2023\/01\/INGEGNO-1-770x500.png\" class=\"attachment-cspt-img-770x500 size-cspt-img-770x500 wp-post-image\" alt=\"\" data-id=\"19481\" \/><\/a><\/div>\t\t<\/div>\t\t\t\r\n\t\t<div class=\"cspt-content-wrapper\">\r\n\t\t\t<h3 class=\"cspt-portfolio-title\"><a href=\"https:\/\/www.cretaes.com\/en\/portfolio\/ingegno-sistema-energetico-ibrido-sei\/\">INGEGNO \u2013 Hybrid Energy System (SEI)<\/a><\/h3>\t\r\n\t\t\t\t\t\t\t<div class=\"cspt-short-description\">\r\n\t\t\t\t\t<p>The Hybrid Energy System (SEI) is designed to optimize the use of renewable energy sources and storage systems. This advanced technology enhances self-consumption and supports energy communities.<\/p>\n\t\t\t\t<\/div>\r\n\t\t\t\t\t\t\t\t\t\t\r\n\t\t\t<div class=\"vc_btn3-container vc_btn3-inline\">\r\n\t\t\t\t<a class=\"vc_general vc_btn3 vc_btn3-size-md vc_btn3-shape-rounded vc_btn3-style-modern vc_btn3-color-globalcolor\" href=\"https:\/\/www.cretaes.com\/en\/portfolio\/ingegno-sistema-energetico-ibrido-sei\/\" title=\"INGEGNO &#8211; Sistema Energetico Ibrido (SEI)\"><span>Read More<\/span><\/a>\r\n\t\t\t<\/div>\r\n\t\t<\/div>\r\n\t<\/div>\r\n<\/article><\/div><div class=\"cspt-ele cspt-portfolio-ele col-md-4 pon cspt-term-36 rd cspt-term-44\"><article class=\"creativesplanet-ele creativesplanet-ele-portfolio cspt-portfolio-style-2 cspt-odd\">\r\n\t<div class=\"creativesplanet-post-item\">\t\t\t\t\r\n\t\t<div class=\"cspt-image-wrapper\">\r\n\t\t\t<div class=\"cspt-featured-wrapper\"><a href=\"https:\/\/www.cretaes.com\/en\/portfolio\/brevetti\/\"><img loading=\"lazy\" decoding=\"async\" width=\"770\" height=\"500\" src=\"https:\/\/www.cretaes.com\/wp-content\/uploads\/2022\/02\/BREVETTI-1-770x500.png\" class=\"attachment-cspt-img-770x500 size-cspt-img-770x500 wp-post-image\" alt=\"\" data-id=\"19480\" \/><\/a><\/div>\t\t<\/div>\t\t\t\r\n\t\t<div class=\"cspt-content-wrapper\">\r\n\t\t\t<h3 class=\"cspt-portfolio-title\"><a href=\"https:\/\/www.cretaes.com\/en\/portfolio\/brevetti\/\">Brevetti+<\/a><\/h3>\t\r\n\t\t\t\t\t\t\t<div class=\"cspt-short-description\">\r\n\t\t\t\t\t<p>An innovative patented technology for the intelligent control of Stirling free-piston engines, which can be integrated with renewable energy sources and storage systems. A patented solution for micro-cogeneration and smart energy communities.<\/p>\n\t\t\t\t<\/div>\r\n\t\t\t\t\t\t\t\t\t\t\r\n\t\t\t<div class=\"vc_btn3-container vc_btn3-inline\">\r\n\t\t\t\t<a class=\"vc_general vc_btn3 vc_btn3-size-md vc_btn3-shape-rounded vc_btn3-style-modern vc_btn3-color-globalcolor\" href=\"https:\/\/www.cretaes.com\/en\/portfolio\/brevetti\/\" title=\"Brevetti+\"><span>Read More<\/span><\/a>\r\n\t\t\t<\/div>\r\n\t\t<\/div>\r\n\t<\/div>\r\n<\/article><\/div><div class=\"cspt-ele cspt-portfolio-ele col-md-4 por cspt-term-34 rd cspt-term-44\"><article class=\"creativesplanet-ele creativesplanet-ele-portfolio cspt-portfolio-style-2 cspt-even\">\r\n\t<div class=\"creativesplanet-post-item\">\t\t\t\t\r\n\t\t<div class=\"cspt-image-wrapper\">\r\n\t\t\t<div class=\"cspt-featured-wrapper\"><a href=\"https:\/\/www.cretaes.com\/en\/portfolio\/znewh\/\"><img loading=\"lazy\" decoding=\"async\" width=\"770\" height=\"500\" src=\"https:\/\/www.cretaes.com\/wp-content\/uploads\/2021\/11\/ZNEWH-2-770x500.png\" class=\"attachment-cspt-img-770x500 size-cspt-img-770x500 wp-post-image\" alt=\"\" data-id=\"19482\" \/><\/a><\/div>\t\t<\/div>\t\t\t\r\n\t\t<div class=\"cspt-content-wrapper\">\r\n\t\t\t<h3 class=\"cspt-portfolio-title\"><a href=\"https:\/\/www.cretaes.com\/en\/portfolio\/znewh\/\">ZNEWh<\/a><\/h3>\t\r\n\t\t\t\t\t\t\t<div class=\"cspt-short-description\">\r\n\t\t\t\t\t<p>Prefabricated energy self-sufficient housing modules, designed for emergency situations and critical environments. These units reduce environmental impact while ensuring efficiency, modularity, and rapid installation.<\/p>\n\t\t\t\t<\/div>\r\n\t\t\t\t\t\t\t\t\t\t\r\n\t\t\t<div class=\"vc_btn3-container vc_btn3-inline\">\r\n\t\t\t\t<a class=\"vc_general vc_btn3 vc_btn3-size-md vc_btn3-shape-rounded vc_btn3-style-modern vc_btn3-color-globalcolor\" href=\"https:\/\/www.cretaes.com\/en\/portfolio\/znewh\/\" title=\"ZNEWh\"><span>Read More<\/span><\/a>\r\n\t\t\t<\/div>\r\n\t\t<\/div>\r\n\t<\/div>\r\n<\/article><\/div>\r\n\t\t\t<\/div>\r\n\r\n\t\t\t\r\n\t\t\r\n\t\t<\/div><!-- .creativesplanet-element-inner -->   <\/div><!-- .creativesplanet-element -->  \r\n\t    \t\t\t\t<\/div>\n\t\t\t\t<\/div>\n\t\t\t\t\t<\/div>\n\t\t<\/div>\n\t\t\t\t\t<\/div>\n\t\t<\/section>\n\t\t\t\t<\/div>","protected":false},"excerpt":{"rendered":"<p>INGEGNO &#8211; Sistema Energetico Ibrido (SEI) Sistema Energetico Ibrido (SEI) per l\u2019ottimizzazione dell\u2019uso di fonti rinnovabili e sistemi di accumulo. Una tecnologia avanzata per migliorare l\u2019autoconsumo e supportare le comunit\u00e0 energetiche. Approfondisci Brevetti+ Tecnologia innovativa per il controllo dei motori Stirling free-piston, integrabile con fonti rinnovabili e sistemi di accumulo. Soluzione brevettata per micro-cogenerazione e comunit\u00e0 energetiche smart. Approfondisci ZNEWh Moduli abitativi prefabbricati, energeticamente autosufficienti e flessibili, ideali per emergenze[&hellip;]<\/p>","protected":false},"author":1,"featured_media":0,"parent":0,"menu_order":15,"comment_status":"closed","ping_status":"closed","template":"","meta":{"_acf_changed":false,"footnotes":""},"class_list":["post-17681","page","type-page","status-publish","hentry"],"acf":[],"_links":{"self":[{"href":"https:\/\/www.cretaes.com\/en\/wp-json\/wp\/v2\/pages\/17681","targetHints":{"allow":["GET"]}}],"collection":[{"href":"https:\/\/www.cretaes.com\/en\/wp-json\/wp\/v2\/pages"}],"about":[{"href":"https:\/\/www.cretaes.com\/en\/wp-json\/wp\/v2\/types\/page"}],"author":[{"embeddable":true,"href":"https:\/\/www.cretaes.com\/en\/wp-json\/wp\/v2\/users\/1"}],"replies":[{"embeddable":true,"href":"https:\/\/www.cretaes.com\/en\/wp-json\/wp\/v2\/comments?post=17681"}],"version-history":[{"count":7,"href":"https:\/\/www.cretaes.com\/en\/wp-json\/wp\/v2\/pages\/17681\/revisions"}],"predecessor-version":[{"id":20235,"href":"https:\/\/www.cretaes.com\/en\/wp-json\/wp\/v2\/pages\/17681\/revisions\/20235"}],"wp:attachment":[{"href":"https:\/\/www.cretaes.com\/en\/wp-json\/wp\/v2\/media?parent=17681"}],"curies":[{"name":"wp","href":"https:\/\/api.w.org\/{rel}","templated":true}]}}